{"id":64,"date":"2017-09-07T12:15:01","date_gmt":"2017-09-07T10:15:01","guid":{"rendered":"http:\/\/new.6w-film.de\/?page_id=64"},"modified":"2021-01-26T22:49:03","modified_gmt":"2021-01-26T21:49:03","slug":"ebtechnik","status":"publish","type":"page","link":"https:\/\/6w-film.de\/index.php\/ebtechnik\/","title":{"rendered":"EB\/Technik"},"content":{"rendered":"<p><strong>Wir bieten im Raum M\u00fcnster und im Umkreis von ca. 100 km ein Kamerateam f\u00fcr Ihren Zweck: Als klassisches EB-Team f\u00fcr TV-Magazine, Nachrichten oder Dokus. Fragen Sie uns an, wir erstellen Ihnen ein individuelles Angebot.<br \/>\n<\/strong><\/p>\n","protected":false},"excerpt":{"rendered":"<p>Wir bieten im Raum M\u00fcnster und im Umkreis von ca. 100 km ein Kamerateam f\u00fcr Ihren Zweck: Als klassisches EB-Team f\u00fcr TV-Magazine, Nachrichten oder Dokus.<\/p>\n","protected":false},"author":1,"featured_media":0,"parent":0,"menu_order":3,"comment_status":"closed","ping_status":"closed","template":"page-templates\/template-services.php","meta":[],"_links":{"self":[{"href":"https:\/\/6w-film.de\/index.php\/wp-json\/wp\/v2\/pages\/64"}],"collection":[{"href":"https:\/\/6w-film.de\/index.php\/wp-json\/wp\/v2\/pages"}],"about":[{"href":"https:\/\/6w-film.de\/index.php\/wp-json\/wp\/v2\/types\/page"}],"author":[{"embeddable":true,"href":"https:\/\/6w-film.de\/index.php\/wp-json\/wp\/v2\/users\/1"}],"replies":[{"embeddable":true,"href":"https:\/\/6w-film.de\/index.php\/wp-json\/wp\/v2\/comments?post=64"}],"version-history":[{"count":3,"href":"https:\/\/6w-film.de\/index.php\/wp-json\/wp\/v2\/pages\/64\/revisions"}],"predecessor-version":[{"id":428,"href":"https:\/\/6w-film.de\/index.php\/wp-json\/wp\/v2\/pages\/64\/revisions\/428"}],"wp:attachment":[{"href":"https:\/\/6w-film.de\/index.php\/wp-json\/wp\/v2\/media?parent=64"}],"curies":[{"name":"wp","href":"https:\/\/api.w.org\/{rel}","templated":true}]}}