{"id":505,"date":"2024-09-24T17:39:20","date_gmt":"2024-09-24T15:39:20","guid":{"rendered":"http:\/\/6w-film.de\/?page_id=505"},"modified":"2024-10-25T15:05:36","modified_gmt":"2024-10-25T13:05:36","slug":"geniale-kameraleute","status":"publish","type":"page","link":"https:\/\/6w-film.de\/index.php\/geniale-kameraleute\/","title":{"rendered":"Geniale Kameraleute"},"content":{"rendered":"\n<p>Lars Julian J\u00fcrgen Tim Karen Titian Ralf Olaf Lars Julian J\u00fcrgen Tim Karen Titian Ralf Olaf Lars Julian J\u00fcrgen Tim Karen Titian Ralf Olaf Lars Julian J\u00fcrgen Tim Karen Titian Ralf Olaf Lars Julian J\u00fcrgen Tim Karen Titian Ralf Olaf<\/p>\n","protected":false},"excerpt":{"rendered":"<p>Lars Julian J\u00fcrgen Tim Karen Titian Ralf Olaf Lars Julian J\u00fcrgen Tim Karen Titian Ralf Olaf Lars Julian J\u00fcrgen Tim Karen Titian Ralf Olaf Lars<\/p>\n","protected":false},"author":1,"featured_media":508,"parent":0,"menu_order":6,"comment_status":"closed","ping_status":"closed","template":"page-templates\/template-team.php","meta":[],"_links":{"self":[{"href":"https:\/\/6w-film.de\/index.php\/wp-json\/wp\/v2\/pages\/505"}],"collection":[{"href":"https:\/\/6w-film.de\/index.php\/wp-json\/wp\/v2\/pages"}],"about":[{"href":"https:\/\/6w-film.de\/index.php\/wp-json\/wp\/v2\/types\/page"}],"author":[{"embeddable":true,"href":"https:\/\/6w-film.de\/index.php\/wp-json\/wp\/v2\/users\/1"}],"replies":[{"embeddable":true,"href":"https:\/\/6w-film.de\/index.php\/wp-json\/wp\/v2\/comments?post=505"}],"version-history":[{"count":3,"href":"https:\/\/6w-film.de\/index.php\/wp-json\/wp\/v2\/pages\/505\/revisions"}],"predecessor-version":[{"id":541,"href":"https:\/\/6w-film.de\/index.php\/wp-json\/wp\/v2\/pages\/505\/revisions\/541"}],"wp:featuredmedia":[{"embeddable":true,"href":"https:\/\/6w-film.de\/index.php\/wp-json\/wp\/v2\/media\/508"}],"wp:attachment":[{"href":"https:\/\/6w-film.de\/index.php\/wp-json\/wp\/v2\/media?parent=505"}],"curies":[{"name":"wp","href":"https:\/\/api.w.org\/{rel}","templated":true}]}}